{"id":16,"date":"2025-12-21T00:35:01","date_gmt":"2025-12-21T00:35:01","guid":{"rendered":"https:\/\/tienda.haifekt.com\/?post_type=product&#038;p=16"},"modified":"2026-03-10T22:28:03","modified_gmt":"2026-03-11T03:28:03","slug":"membresia-de-acceso","status":"publish","type":"product","link":"https:\/\/tienda.haifekt.com\/index.php\/producto\/membresia-de-acceso\/","title":{"rendered":"Membres\u00eda de Acceso &#8211; Foro Privado y Oportunidades Colaborativas (1 a\u00f1o)"},"content":{"rendered":"","protected":false},"excerpt":{"rendered":"<p>Membres\u00eda que otorga acceso al foro privado en <a href=\"https:\/\/haifekt.com\/\">haifekt.com<\/a>, junto con contenidos formativos orientados al mercado de EE. UU., y elegibilidad para incorporarse, mediante pago adicional, a grupos privados para proyectos colaborativos.<\/p>\n<p>La membres\u00eda se entrega mediante un link de invitaci\u00f3n enviado al correo electr\u00f3nico registrado durante la compra. El link no caduca, pero una vez activado se inicia el per\u00edodo de vigencia de la membres\u00eda, que permanecer\u00e1 activa hasta el tiempo l\u00edmite adquirido (1 a\u00f1o), a menos que se renueve.<\/p>\n","protected":false},"featured_media":256,"template":"","meta":[],"product_brand":[],"product_cat":[22],"product_tag":[],"class_list":{"0":"post-16","1":"product","2":"type-product","3":"status-publish","4":"has-post-thumbnail","6":"product_cat-membresias","8":"first","9":"instock","10":"virtual","11":"sold-individually","12":"taxable","13":"purchasable","14":"product-type-simple"},"_links":{"self":[{"href":"https:\/\/tienda.haifekt.com\/index.php\/wp-json\/wp\/v2\/product\/16","targetHints":{"allow":["GET"]}}],"collection":[{"href":"https:\/\/tienda.haifekt.com\/index.php\/wp-json\/wp\/v2\/product"}],"about":[{"href":"https:\/\/tienda.haifekt.com\/index.php\/wp-json\/wp\/v2\/types\/product"}],"wp:featuredmedia":[{"embeddable":true,"href":"https:\/\/tienda.haifekt.com\/index.php\/wp-json\/wp\/v2\/media\/256"}],"wp:attachment":[{"href":"https:\/\/tienda.haifekt.com\/index.php\/wp-json\/wp\/v2\/media?parent=16"}],"wp:term":[{"taxonomy":"product_brand","embeddable":true,"href":"https:\/\/tienda.haifekt.com\/index.php\/wp-json\/wp\/v2\/product_brand?post=16"},{"taxonomy":"product_cat","embeddable":true,"href":"https:\/\/tienda.haifekt.com\/index.php\/wp-json\/wp\/v2\/product_cat?post=16"},{"taxonomy":"product_tag","embeddable":true,"href":"https:\/\/tienda.haifekt.com\/index.php\/wp-json\/wp\/v2\/product_tag?post=16"}],"curies":[{"name":"wp","href":"https:\/\/api.w.org\/{rel}","templated":true}]}}